{"id":34,"date":"2020-06-18T22:17:26","date_gmt":"2020-06-18T22:17:26","guid":{"rendered":"https:\/\/interwox.com\/hu\/?page_id=34"},"modified":"2020-07-03T16:14:32","modified_gmt":"2020-07-03T16:14:32","slug":"keresooptimalizalas-seo","status":"publish","type":"page","link":"https:\/\/interwox.com\/hu\/szolgaltatasok\/keresooptimalizalas-seo\/","title":{"rendered":"Keres\u0151optimaliz\u00e1l\u00e1s, SEO"},"content":{"rendered":"","protected":false},"excerpt":{"rendered":"","protected":false},"author":1,"featured_media":0,"parent":40,"menu_order":0,"comment_status":"closed","ping_status":"closed","template":"","meta":[],"yst_prominent_words":[],"yoast_head":"<!-- This site is optimized with the Yoast SEO Premium plugin v14.2 - https:\/\/yoast.com\/wordpress\/plugins\/seo\/ -->\n<title>Keres\u0151optimaliz\u00e1l\u00e1s, SEO - InterWox<\/title>\n<meta name=\"robots\" content=\"index, follow\" \/>\n<meta name=\"googlebot\" content=\"index, follow, max-snippet:-1, max-image-preview:large, max-video-preview:-1\" \/>\n<meta name=\"bingbot\" content=\"index, follow, max-snippet:-1, max-image-preview:large, max-video-preview:-1\" \/>\n<link rel=\"canonical\" href=\"https:\/\/interwox.com\/hu\/szolgaltatasok\/keresooptimalizalas-seo\/\" \/>\n<meta property=\"og:locale\" content=\"hu_HU\" \/>\n<meta property=\"og:type\" content=\"article\" \/>\n<meta property=\"og:title\" content=\"Keres\u0151optimaliz\u00e1l\u00e1s, SEO - InterWox\" \/>\n<meta property=\"og:url\" content=\"https:\/\/interwox.com\/hu\/szolgaltatasok\/keresooptimalizalas-seo\/\" \/>\n<meta property=\"og:site_name\" content=\"InterWox\" \/>\n<meta property=\"article:modified_time\" content=\"2020-07-03T16:14:32+00:00\" \/>\n<meta name=\"twitter:card\" content=\"summary_large_image\" \/>\n<script type=\"application\/ld+json\" class=\"yoast-schema-graph\">{\"@context\":\"https:\/\/schema.org\",\"@graph\":[{\"@type\":\"WebSite\",\"@id\":\"https:\/\/interwox.com\/hu\/#website\",\"url\":\"https:\/\/interwox.com\/hu\/\",\"name\":\"InterWox\",\"description\":\"\\u3010\\u2714\\u3011 Weboldal t\\u00e1rhely \\u00e9s keres\\u0151optimaliz\\u00e1lt SEO honlap k\\u00e9sz\\u00edt\\u00e9se\",\"potentialAction\":[{\"@type\":\"SearchAction\",\"target\":\"https:\/\/interwox.com\/hu\/?s={search_term_string}\",\"query-input\":\"required name=search_term_string\"}],\"inLanguage\":\"hu\"},{\"@type\":\"WebPage\",\"@id\":\"https:\/\/interwox.com\/hu\/szolgaltatasok\/keresooptimalizalas-seo\/#webpage\",\"url\":\"https:\/\/interwox.com\/hu\/szolgaltatasok\/keresooptimalizalas-seo\/\",\"name\":\"Keres\\u0151optimaliz\\u00e1l\\u00e1s, SEO - InterWox\",\"isPartOf\":{\"@id\":\"https:\/\/interwox.com\/hu\/#website\"},\"datePublished\":\"2020-06-18T22:17:26+00:00\",\"dateModified\":\"2020-07-03T16:14:32+00:00\",\"inLanguage\":\"hu\",\"potentialAction\":[{\"@type\":\"ReadAction\",\"target\":[\"https:\/\/interwox.com\/hu\/szolgaltatasok\/keresooptimalizalas-seo\/\"]}]}]}<\/script>\n<!-- \/ Yoast SEO Premium plugin. -->","_links":{"self":[{"href":"https:\/\/interwox.com\/hu\/wp-json\/wp\/v2\/pages\/34"}],"collection":[{"href":"https:\/\/interwox.com\/hu\/wp-json\/wp\/v2\/pages"}],"about":[{"href":"https:\/\/interwox.com\/hu\/wp-json\/wp\/v2\/types\/page"}],"author":[{"embeddable":true,"href":"https:\/\/interwox.com\/hu\/wp-json\/wp\/v2\/users\/1"}],"replies":[{"embeddable":true,"href":"https:\/\/interwox.com\/hu\/wp-json\/wp\/v2\/comments?post=34"}],"version-history":[{"count":1,"href":"https:\/\/interwox.com\/hu\/wp-json\/wp\/v2\/pages\/34\/revisions"}],"predecessor-version":[{"id":35,"href":"https:\/\/interwox.com\/hu\/wp-json\/wp\/v2\/pages\/34\/revisions\/35"}],"up":[{"embeddable":true,"href":"https:\/\/interwox.com\/hu\/wp-json\/wp\/v2\/pages\/40"}],"wp:attachment":[{"href":"https:\/\/interwox.com\/hu\/wp-json\/wp\/v2\/media?parent=34"}],"wp:term":[{"taxonomy":"yst_prominent_words","embeddable":true,"href":"https:\/\/interwox.com\/hu\/wp-json\/wp\/v2\/yst_prominent_words?post=34"}],"curies":[{"name":"wp","href":"https:\/\/api.w.org\/{rel}","templated":true}]}}